{"id":6234,"date":"2025-10-02T13:30:27","date_gmt":"2025-10-02T19:30:27","guid":{"rendered":"https:\/\/otochcolibri.com\/?page_id=6234"},"modified":"2026-02-05T17:47:17","modified_gmt":"2026-02-05T23:47:17","slug":"gracias-contacto","status":"publish","type":"page","link":"https:\/\/otochcolibri.com\/en\/gracias-contacto","title":{"rendered":"Gracias &#8211; Contacto"},"content":{"rendered":"<div data-elementor-type=\"wp-page\" data-elementor-id=\"6234\" class=\"elementor elementor-6234\" data-elementor-post-type=\"page\">\n\t\t\t\t<div class=\"elementor-element elementor-element-5219f67 e-flex e-con-boxed e-con e-parent\" data-id=\"5219f67\" data-element_type=\"container\" data-e-type=\"container\">\n\t\t\t\t\t<div class=\"e-con-inner\">\n\t\t\t\t<div class=\"elementor-element elementor-element-84035fb elementor-widget elementor-widget-image\" data-id=\"84035fb\" data-element_type=\"widget\" data-e-type=\"widget\" data-widget_type=\"image.default\">\n\t\t\t\t<div class=\"elementor-widget-container\">\n\t\t\t\t\t\t\t\t\t\t\t\t\t\t\t<img fetchpriority=\"high\" decoding=\"async\" width=\"905\" height=\"502\" src=\"https:\/\/otochcolibri.com\/wp-content\/uploads\/2025\/09\/2.-Logo.png\" class=\"attachment-large size-large wp-image-5529\" alt=\"\" srcset=\"https:\/\/otochcolibri.com\/wp-content\/uploads\/2025\/09\/2.-Logo.png 905w, https:\/\/otochcolibri.com\/wp-content\/uploads\/2025\/09\/2.-Logo-300x166.png 300w, https:\/\/otochcolibri.com\/wp-content\/uploads\/2025\/09\/2.-Logo-768x426.png 768w, https:\/\/otochcolibri.com\/wp-content\/uploads\/2025\/09\/2.-Logo-18x10.png 18w\" sizes=\"(max-width: 905px) 100vw, 905px\" \/>\t\t\t\t\t\t\t\t\t\t\t\t\t\t\t<\/div>\n\t\t\t\t<\/div>\n\t\t\t\t<div class=\"elementor-element elementor-element-3ded9e4 elementor-widget elementor-widget-heading\" data-id=\"3ded9e4\" data-element_type=\"widget\" data-e-type=\"widget\" data-widget_type=\"heading.default\">\n\t\t\t\t<div class=\"elementor-widget-container\">\n\t\t\t\t\t<h2 class=\"elementor-heading-title elementor-size-default\">\u00a1Gracias por contactarnos!<\/h2>\t\t\t\t<\/div>\n\t\t\t\t<\/div>\n\t\t\t\t<div class=\"elementor-element elementor-element-99d7536 elementor-widget elementor-widget-text-editor\" data-id=\"99d7536\" data-element_type=\"widget\" data-e-type=\"widget\" data-widget_type=\"text-editor.default\">\n\t\t\t\t<div class=\"elementor-widget-container\">\n\t\t\t\t\t\t\t\t\t<p><strong>En breve uno de nuestros agentes se pondr\u00e1 en contacto contigo.<\/strong><\/p><p data-start=\"796\" data-end=\"976\">\ud83d\udc49 Mientras tanto, e<em data-start=\"913\" data-end=\"974\">xplora m\u00e1s sobre Otoch Colibr\u00ed en nuestra p\u00e1gina principal.<\/em><\/p>\t\t\t\t\t\t\t\t<\/div>\n\t\t\t\t<\/div>\n\t\t\t\t<div class=\"elementor-element elementor-element-bfb1965 elementor-align-center elementor-widget elementor-widget-button\" data-id=\"bfb1965\" data-element_type=\"widget\" data-e-type=\"widget\" data-widget_type=\"button.default\">\n\t\t\t\t<div class=\"elementor-widget-container\">\n\t\t\t\t\t\t\t\t\t<div class=\"elementor-button-wrapper\">\n\t\t\t\t\t<a class=\"elementor-button elementor-button-link elementor-size-sm\" href=\"https:\/\/otochcolibri.com\/en\">\n\t\t\t\t\t\t<span class=\"elementor-button-content-wrapper\">\n\t\t\t\t\t\t<span class=\"elementor-button-icon\">\n\t\t\t\t<svg aria-hidden=\"true\" class=\"e-font-icon-svg e-fas-arrow-right\" viewbox=\"0 0 448 512\" xmlns=\"http:\/\/www.w3.org\/2000\/svg\"><path d=\"M190.5 66.9l22.2-22.2c9.4-9.4 24.6-9.4 33.9 0L441 239c9.4 9.4 9.4 24.6 0 33.9L246.6 467.3c-9.4 9.4-24.6 9.4-33.9 0l-22.2-22.2c-9.5-9.5-9.3-25 .4-34.3L311.4 296H24c-13.3 0-24-10.7-24-24v-32c0-13.3 10.7-24 24-24h287.4L190.9 101.2c-9.8-9.3-10-24.8-.4-34.3z\"><\/path><\/svg>\t\t\t<\/span>\n\t\t\t\t\t\t\t\t\t<span class=\"elementor-button-text\">Ir a inicio<\/span>\n\t\t\t\t\t<\/span>\n\t\t\t\t\t<\/a>\n\t\t\t\t<\/div>\n\t\t\t\t\t\t\t\t<\/div>\n\t\t\t\t<\/div>\n\t\t\t\t\t<\/div>\n\t\t\t\t<\/div>\n\t\t\t\t<\/div>","protected":false},"excerpt":{"rendered":"<p>\u00a1Gracias por contactarnos! En breve uno de nuestros agentes se pondr\u00e1 en contacto contigo. \ud83d\udc49 Mientras tanto, explora m\u00e1s sobre [&hellip;]<\/p>\n","protected":false},"author":3,"featured_media":287,"parent":0,"menu_order":0,"comment_status":"closed","ping_status":"closed","template":"elementor_header_footer","meta":{"site-sidebar-layout":"no-sidebar","site-content-layout":"","ast-site-content-layout":"full-width-container","site-content-style":"default","site-sidebar-style":"default","ast-global-header-display":"disabled","ast-banner-title-visibility":"disabled","ast-main-header-display":"","ast-hfb-above-header-display":"","ast-hfb-below-header-display":"","ast-hfb-mobile-header-display":"","site-post-title":"disabled","ast-breadcrumbs-content":"","ast-featured-img":"disabled","footer-sml-layout":"disabled","ast-disable-related-posts":"","theme-transparent-header-meta":"","adv-header-id-meta":"","stick-header-meta":"","header-above-stick-meta":"","header-main-stick-meta":"","header-below-stick-meta":"","astra-migrate-meta-layouts":"default","ast-page-background-enabled":"default","ast-page-background-meta":{"desktop":{"background-color":"var(--ast-global-color-4)","background-image":"","background-repeat":"repeat","background-position":"center center","background-size":"auto","background-attachment":"scroll","background-type":"","background-media":"","overlay-type":"","overlay-color":"","overlay-opacity":"","overlay-gradient":""},"tablet":{"background-color":"","background-image":"","background-repeat":"repeat","background-position":"center center","background-size":"auto","background-attachment":"scroll","background-type":"","background-media":"","overlay-type":"","overlay-color":"","overlay-opacity":"","overlay-gradient":""},"mobile":{"background-color":"","background-image":"","background-repeat":"repeat","background-position":"center center","background-size":"auto","background-attachment":"scroll","background-type":"","background-media":"","overlay-type":"","overlay-color":"","overlay-opacity":"","overlay-gradient":""}},"ast-content-background-meta":{"desktop":{"background-color":"var(--ast-global-color-5)","background-image":"","background-repeat":"repeat","background-position":"center center","background-size":"auto","background-attachment":"scroll","background-type":"","background-media":"","overlay-type":"","overlay-color":"","overlay-opacity":"","overlay-gradient":""},"tablet":{"background-color":"var(--ast-global-color-5)","background-image":"","background-repeat":"repeat","background-position":"center center","background-size":"auto","background-attachment":"scroll","background-type":"","background-media":"","overlay-type":"","overlay-color":"","overlay-opacity":"","overlay-gradient":""},"mobile":{"background-color":"var(--ast-global-color-5)","background-image":"","background-repeat":"repeat","background-position":"center center","background-size":"auto","background-attachment":"scroll","background-type":"","background-media":"","overlay-type":"","overlay-color":"","overlay-opacity":"","overlay-gradient":""}},"footnotes":""},"categories":[],"tags":[],"class_list":["post-6234","page","type-page","status-publish","has-post-thumbnail","hentry"],"yoast_head":"<!-- This site is optimized with the Yoast SEO plugin v27.4 - https:\/\/yoast.com\/product\/yoast-seo-wordpress\/ -->\n<title>Gracias por tu contacto \u2013 Otoch Colibr\u00ed<\/title>\n<meta name=\"description\" content=\"Gracias por tu contacto con Otoch Colibr\u00ed. Pronto nos comunicaremos contigo para ayudarte y brindarte la mejor experiencia posible.\" \/>\n<meta name=\"robots\" content=\"noindex, follow\" \/>\n<meta property=\"og:locale\" content=\"en_US\" \/>\n<meta property=\"og:type\" content=\"article\" \/>\n<meta property=\"og:title\" content=\"Gracias por tu contacto \u2013 Otoch Colibr\u00ed\" \/>\n<meta property=\"og:description\" content=\"Gracias por tu contacto con Otoch Colibr\u00ed. Pronto nos comunicaremos contigo para ayudarte y brindarte la mejor experiencia posible.\" \/>\n<meta property=\"og:url\" content=\"https:\/\/otochcolibri.com\/en\/gracias-contacto\/\" \/>\n<meta property=\"og:site_name\" content=\"Otoch Colibri\" \/>\n<meta property=\"article:publisher\" content=\"https:\/\/www.facebook.com\/profile.php?id=61563304841503\" \/>\n<meta property=\"article:modified_time\" content=\"2026-02-05T23:47:17+00:00\" \/>\n<meta property=\"og:image\" content=\"https:\/\/otochcolibri.com\/wp-content\/uploads\/2024\/09\/Mesa-de-trabajo-2.png\" \/>\n\t<meta property=\"og:image:width\" content=\"568\" \/>\n\t<meta property=\"og:image:height\" content=\"568\" \/>\n\t<meta property=\"og:image:type\" content=\"image\/png\" \/>\n<meta name=\"twitter:card\" content=\"summary_large_image\" \/>\n<meta name=\"twitter:label1\" content=\"Est. reading time\" \/>\n\t<meta name=\"twitter:data1\" content=\"1 minute\" \/>\n<script type=\"application\/ld+json\" class=\"yoast-schema-graph\">{\"@context\":\"https:\\\/\\\/schema.org\",\"@graph\":[{\"@type\":\"WebPage\",\"@id\":\"https:\\\/\\\/otochcolibri.com\\\/gracias-contacto\",\"url\":\"https:\\\/\\\/otochcolibri.com\\\/gracias-contacto\",\"name\":\"Gracias por tu contacto \u2013 Otoch Colibr\u00ed\",\"isPartOf\":{\"@id\":\"https:\\\/\\\/otochcolibri.com\\\/#website\"},\"primaryImageOfPage\":{\"@id\":\"https:\\\/\\\/otochcolibri.com\\\/gracias-contacto#primaryimage\"},\"image\":{\"@id\":\"https:\\\/\\\/otochcolibri.com\\\/gracias-contacto#primaryimage\"},\"thumbnailUrl\":\"https:\\\/\\\/otochcolibri.com\\\/wp-content\\\/uploads\\\/2024\\\/09\\\/Mesa-de-trabajo-2.png\",\"datePublished\":\"2025-10-02T19:30:27+00:00\",\"dateModified\":\"2026-02-05T23:47:17+00:00\",\"description\":\"Gracias por tu contacto con Otoch Colibr\u00ed. Pronto nos comunicaremos contigo para ayudarte y brindarte la mejor experiencia posible.\",\"breadcrumb\":{\"@id\":\"https:\\\/\\\/otochcolibri.com\\\/gracias-contacto#breadcrumb\"},\"inLanguage\":\"en-US\",\"potentialAction\":[{\"@type\":\"ReadAction\",\"target\":[\"https:\\\/\\\/otochcolibri.com\\\/gracias-contacto\"]}]},{\"@type\":\"ImageObject\",\"inLanguage\":\"en-US\",\"@id\":\"https:\\\/\\\/otochcolibri.com\\\/gracias-contacto#primaryimage\",\"url\":\"https:\\\/\\\/otochcolibri.com\\\/wp-content\\\/uploads\\\/2024\\\/09\\\/Mesa-de-trabajo-2.png\",\"contentUrl\":\"https:\\\/\\\/otochcolibri.com\\\/wp-content\\\/uploads\\\/2024\\\/09\\\/Mesa-de-trabajo-2.png\",\"width\":568,\"height\":568,\"caption\":\"contacto Otoch Colibr\u00ed\"},{\"@type\":\"BreadcrumbList\",\"@id\":\"https:\\\/\\\/otochcolibri.com\\\/gracias-contacto#breadcrumb\",\"itemListElement\":[{\"@type\":\"ListItem\",\"position\":1,\"name\":\"Inicio\",\"item\":\"https:\\\/\\\/otochcolibri.com\\\/\"},{\"@type\":\"ListItem\",\"position\":2,\"name\":\"Gracias &#8211; Contacto\"}]},{\"@type\":\"WebSite\",\"@id\":\"https:\\\/\\\/otochcolibri.com\\\/#website\",\"url\":\"https:\\\/\\\/otochcolibri.com\\\/\",\"name\":\"Otoch Colibri\",\"description\":\"Confianza que inspira, inversiones que prosperan.\",\"publisher\":{\"@id\":\"https:\\\/\\\/otochcolibri.com\\\/#organization\"},\"potentialAction\":[{\"@type\":\"SearchAction\",\"target\":{\"@type\":\"EntryPoint\",\"urlTemplate\":\"https:\\\/\\\/otochcolibri.com\\\/?s={search_term_string}\"},\"query-input\":{\"@type\":\"PropertyValueSpecification\",\"valueRequired\":true,\"valueName\":\"search_term_string\"}}],\"inLanguage\":\"en-US\"},{\"@type\":\"Organization\",\"@id\":\"https:\\\/\\\/otochcolibri.com\\\/#organization\",\"name\":\"Otoch Colibri\",\"url\":\"https:\\\/\\\/otochcolibri.com\\\/\",\"logo\":{\"@type\":\"ImageObject\",\"inLanguage\":\"en-US\",\"@id\":\"https:\\\/\\\/otochcolibri.com\\\/#\\\/schema\\\/logo\\\/image\\\/\",\"url\":\"https:\\\/\\\/otochcolibri.com\\\/wp-content\\\/uploads\\\/2024\\\/09\\\/1.-Logo.png\",\"contentUrl\":\"https:\\\/\\\/otochcolibri.com\\\/wp-content\\\/uploads\\\/2024\\\/09\\\/1.-Logo.png\",\"width\":830,\"height\":697,\"caption\":\"Otoch Colibri\"},\"image\":{\"@id\":\"https:\\\/\\\/otochcolibri.com\\\/#\\\/schema\\\/logo\\\/image\\\/\"},\"sameAs\":[\"https:\\\/\\\/www.facebook.com\\\/profile.php?id=61563304841503\",\"https:\\\/\\\/www.instagram.com\\\/otochcolibri\\\/\"]}]}<\/script>\n<!-- \/ Yoast SEO plugin. -->","yoast_head_json":{"title":"Gracias por tu contacto \u2013 Otoch Colibr\u00ed","description":"Gracias por tu contacto con Otoch Colibr\u00ed. Pronto nos comunicaremos contigo para ayudarte y brindarte la mejor experiencia posible.","robots":{"index":"noindex","follow":"follow"},"og_locale":"en_US","og_type":"article","og_title":"Gracias por tu contacto \u2013 Otoch Colibr\u00ed","og_description":"Gracias por tu contacto con Otoch Colibr\u00ed. Pronto nos comunicaremos contigo para ayudarte y brindarte la mejor experiencia posible.","og_url":"https:\/\/otochcolibri.com\/en\/gracias-contacto\/","og_site_name":"Otoch Colibri","article_publisher":"https:\/\/www.facebook.com\/profile.php?id=61563304841503","article_modified_time":"2026-02-05T23:47:17+00:00","og_image":[{"width":568,"height":568,"url":"https:\/\/otochcolibri.com\/wp-content\/uploads\/2024\/09\/Mesa-de-trabajo-2.png","type":"image\/png"}],"twitter_card":"summary_large_image","twitter_misc":{"Est. reading time":"1 minute"},"schema":{"@context":"https:\/\/schema.org","@graph":[{"@type":"WebPage","@id":"https:\/\/otochcolibri.com\/gracias-contacto","url":"https:\/\/otochcolibri.com\/gracias-contacto","name":"Gracias por tu contacto \u2013 Otoch Colibr\u00ed","isPartOf":{"@id":"https:\/\/otochcolibri.com\/#website"},"primaryImageOfPage":{"@id":"https:\/\/otochcolibri.com\/gracias-contacto#primaryimage"},"image":{"@id":"https:\/\/otochcolibri.com\/gracias-contacto#primaryimage"},"thumbnailUrl":"https:\/\/otochcolibri.com\/wp-content\/uploads\/2024\/09\/Mesa-de-trabajo-2.png","datePublished":"2025-10-02T19:30:27+00:00","dateModified":"2026-02-05T23:47:17+00:00","description":"Gracias por tu contacto con Otoch Colibr\u00ed. Pronto nos comunicaremos contigo para ayudarte y brindarte la mejor experiencia posible.","breadcrumb":{"@id":"https:\/\/otochcolibri.com\/gracias-contacto#breadcrumb"},"inLanguage":"en-US","potentialAction":[{"@type":"ReadAction","target":["https:\/\/otochcolibri.com\/gracias-contacto"]}]},{"@type":"ImageObject","inLanguage":"en-US","@id":"https:\/\/otochcolibri.com\/gracias-contacto#primaryimage","url":"https:\/\/otochcolibri.com\/wp-content\/uploads\/2024\/09\/Mesa-de-trabajo-2.png","contentUrl":"https:\/\/otochcolibri.com\/wp-content\/uploads\/2024\/09\/Mesa-de-trabajo-2.png","width":568,"height":568,"caption":"contacto Otoch Colibr\u00ed"},{"@type":"BreadcrumbList","@id":"https:\/\/otochcolibri.com\/gracias-contacto#breadcrumb","itemListElement":[{"@type":"ListItem","position":1,"name":"Inicio","item":"https:\/\/otochcolibri.com\/"},{"@type":"ListItem","position":2,"name":"Gracias &#8211; Contacto"}]},{"@type":"WebSite","@id":"https:\/\/otochcolibri.com\/#website","url":"https:\/\/otochcolibri.com\/","name":"Otoch Colibri","description":"Confianza que inspira, inversiones que prosperan.","publisher":{"@id":"https:\/\/otochcolibri.com\/#organization"},"potentialAction":[{"@type":"SearchAction","target":{"@type":"EntryPoint","urlTemplate":"https:\/\/otochcolibri.com\/?s={search_term_string}"},"query-input":{"@type":"PropertyValueSpecification","valueRequired":true,"valueName":"search_term_string"}}],"inLanguage":"en-US"},{"@type":"Organization","@id":"https:\/\/otochcolibri.com\/#organization","name":"Otoch Colibri","url":"https:\/\/otochcolibri.com\/","logo":{"@type":"ImageObject","inLanguage":"en-US","@id":"https:\/\/otochcolibri.com\/#\/schema\/logo\/image\/","url":"https:\/\/otochcolibri.com\/wp-content\/uploads\/2024\/09\/1.-Logo.png","contentUrl":"https:\/\/otochcolibri.com\/wp-content\/uploads\/2024\/09\/1.-Logo.png","width":830,"height":697,"caption":"Otoch Colibri"},"image":{"@id":"https:\/\/otochcolibri.com\/#\/schema\/logo\/image\/"},"sameAs":["https:\/\/www.facebook.com\/profile.php?id=61563304841503","https:\/\/www.instagram.com\/otochcolibri\/"]}]}},"_links":{"self":[{"href":"https:\/\/otochcolibri.com\/en\/wp-json\/wp\/v2\/pages\/6234","targetHints":{"allow":["GET"]}}],"collection":[{"href":"https:\/\/otochcolibri.com\/en\/wp-json\/wp\/v2\/pages"}],"about":[{"href":"https:\/\/otochcolibri.com\/en\/wp-json\/wp\/v2\/types\/page"}],"author":[{"embeddable":true,"href":"https:\/\/otochcolibri.com\/en\/wp-json\/wp\/v2\/users\/3"}],"replies":[{"embeddable":true,"href":"https:\/\/otochcolibri.com\/en\/wp-json\/wp\/v2\/comments?post=6234"}],"version-history":[{"count":7,"href":"https:\/\/otochcolibri.com\/en\/wp-json\/wp\/v2\/pages\/6234\/revisions"}],"predecessor-version":[{"id":6241,"href":"https:\/\/otochcolibri.com\/en\/wp-json\/wp\/v2\/pages\/6234\/revisions\/6241"}],"wp:featuredmedia":[{"embeddable":true,"href":"https:\/\/otochcolibri.com\/en\/wp-json\/wp\/v2\/media\/287"}],"wp:attachment":[{"href":"https:\/\/otochcolibri.com\/en\/wp-json\/wp\/v2\/media?parent=6234"}],"wp:term":[{"taxonomy":"category","embeddable":true,"href":"https:\/\/otochcolibri.com\/en\/wp-json\/wp\/v2\/categories?post=6234"},{"taxonomy":"post_tag","embeddable":true,"href":"https:\/\/otochcolibri.com\/en\/wp-json\/wp\/v2\/tags?post=6234"}],"curies":[{"name":"wp","href":"https:\/\/api.w.org\/{rel}","templated":true}]}}