{"id":4008,"date":"2025-05-15T16:19:26","date_gmt":"2025-05-15T16:19:26","guid":{"rendered":"https:\/\/otochcolibri.com\/?page_id=4008"},"modified":"2025-11-13T10:24:08","modified_gmt":"2025-11-13T16:24:08","slug":"guia-turistica-merida-yucatan","status":"publish","type":"page","link":"https:\/\/otochcolibri.com\/en\/guia-turistica-merida-yucatan","title":{"rendered":"Gu\u00eda Tur\u00edstica M\u00e9rida, Yucat\u00e1n"},"content":{"rendered":"\t\t<div data-elementor-type=\"wp-page\" data-elementor-id=\"4008\" class=\"elementor elementor-4008\" data-elementor-post-type=\"page\">\n\t\t\t\t<div class=\"elementor-element elementor-element-03faebb e-con-full e-flex e-con e-parent\" data-id=\"03faebb\" data-element_type=\"container\" data-e-type=\"container\">\n\t\t\t\t<div class=\"elementor-element elementor-element-b15f571 elementor-widget elementor-widget-image\" data-id=\"b15f571\" data-element_type=\"widget\" data-e-type=\"widget\" data-widget_type=\"image.default\">\n\t\t\t\t<div class=\"elementor-widget-container\">\n\t\t\t\t\t\t\t\t\t\t\t\t\t\t\t<img fetchpriority=\"high\" decoding=\"async\" width=\"1024\" height=\"576\" src=\"https:\/\/otochcolibri.com\/wp-content\/uploads\/2025\/05\/plaza-grande-in-merida-2025-01-07-04-38-57-utc-1024x576.jpg\" class=\"attachment-large size-large wp-image-4011\" alt=\"\" srcset=\"https:\/\/otochcolibri.com\/wp-content\/uploads\/2025\/05\/plaza-grande-in-merida-2025-01-07-04-38-57-utc-1024x576.jpg 1024w, https:\/\/otochcolibri.com\/wp-content\/uploads\/2025\/05\/plaza-grande-in-merida-2025-01-07-04-38-57-utc-300x169.jpg 300w, https:\/\/otochcolibri.com\/wp-content\/uploads\/2025\/05\/plaza-grande-in-merida-2025-01-07-04-38-57-utc-768x432.jpg 768w, https:\/\/otochcolibri.com\/wp-content\/uploads\/2025\/05\/plaza-grande-in-merida-2025-01-07-04-38-57-utc-1536x864.jpg 1536w, https:\/\/otochcolibri.com\/wp-content\/uploads\/2025\/05\/plaza-grande-in-merida-2025-01-07-04-38-57-utc-2048x1152.jpg 2048w\" sizes=\"(max-width: 1024px) 100vw, 1024px\" \/>\t\t\t\t\t\t\t\t\t\t\t\t\t\t\t<\/div>\n\t\t\t\t<\/div>\n\t\t\t\t<\/div>\n\t\t<div class=\"elementor-element elementor-element-d0b0504 e-flex e-con-boxed e-con e-parent\" data-id=\"d0b0504\" data-element_type=\"container\" data-e-type=\"container\">\n\t\t\t\t\t<div class=\"e-con-inner\">\n\t\t\t\t<div class=\"elementor-element elementor-element-4c9e31e elementor-widget elementor-widget-heading\" data-id=\"4c9e31e\" data-element_type=\"widget\" data-e-type=\"widget\" data-widget_type=\"heading.default\">\n\t\t\t\t<div class=\"elementor-widget-container\">\n\t\t\t\t\t<h2 class=\"elementor-heading-title elementor-size-default\">Gu\u00eda Tur\u00edstica<\/h2>\t\t\t\t<\/div>\n\t\t\t\t<\/div>\n\t\t\t\t<div class=\"elementor-element elementor-element-d1d831b elementor-widget elementor-widget-heading\" data-id=\"d1d831b\" data-element_type=\"widget\" data-e-type=\"widget\" data-widget_type=\"heading.default\">\n\t\t\t\t<div class=\"elementor-widget-container\">\n\t\t\t\t\t<h2 class=\"elementor-heading-title elementor-size-default\">M\u00e9rida, Yucat\u00e1n<\/h2>\t\t\t\t<\/div>\n\t\t\t\t<\/div>\n\t\t\t\t<div class=\"elementor-element elementor-element-5841dbd elementor-widget elementor-widget-image\" data-id=\"5841dbd\" data-element_type=\"widget\" data-e-type=\"widget\" data-widget_type=\"image.default\">\n\t\t\t\t<div class=\"elementor-widget-container\">\n\t\t\t\t\t\t\t\t\t\t\t\t\t\t\t<img decoding=\"async\" width=\"1024\" height=\"661\" src=\"https:\/\/otochcolibri.com\/wp-content\/uploads\/2025\/05\/Captura-de-pantalla-2025-05-15-a-las-3.06.33\u202fp.m-1024x661.png\" class=\"attachment-large size-large wp-image-4054\" alt=\"\" srcset=\"https:\/\/otochcolibri.com\/wp-content\/uploads\/2025\/05\/Captura-de-pantalla-2025-05-15-a-las-3.06.33\u202fp.m-1024x661.png 1024w, https:\/\/otochcolibri.com\/wp-content\/uploads\/2025\/05\/Captura-de-pantalla-2025-05-15-a-las-3.06.33\u202fp.m-300x194.png 300w, https:\/\/otochcolibri.com\/wp-content\/uploads\/2025\/05\/Captura-de-pantalla-2025-05-15-a-las-3.06.33\u202fp.m-768x496.png 768w, https:\/\/otochcolibri.com\/wp-content\/uploads\/2025\/05\/Captura-de-pantalla-2025-05-15-a-las-3.06.33\u202fp.m.png 1235w\" sizes=\"(max-width: 1024px) 100vw, 1024px\" \/>\t\t\t\t\t\t\t\t\t\t\t\t\t\t\t<\/div>\n\t\t\t\t<\/div>\n\t\t\t\t\t<\/div>\n\t\t\t\t<\/div>\n\t\t<div class=\"elementor-element elementor-element-4e0ee82 e-flex e-con-boxed e-con e-parent\" data-id=\"4e0ee82\" data-element_type=\"container\" data-e-type=\"container\">\n\t\t\t\t\t<div class=\"e-con-inner\">\n\t\t\t\t<div class=\"elementor-element elementor-element-b4596d7 elementor-widget elementor-widget-heading\" data-id=\"b4596d7\" data-element_type=\"widget\" data-e-type=\"widget\" data-widget_type=\"heading.default\">\n\t\t\t\t<div class=\"elementor-widget-container\">\n\t\t\t\t\t<h2 class=\"elementor-heading-title elementor-size-default\">Llena el siguiente formulario y descarga la gu\u00eda completa \u00a1totalmente GRATIS!<\/h2>\t\t\t\t<\/div>\n\t\t\t\t<\/div>\n\t\t\t\t<div class=\"elementor-element elementor-element-64dd5c5 elementor-button-align-center elementor-mobile-button-align-stretch elementor-widget elementor-widget-form\" data-id=\"64dd5c5\" data-element_type=\"widget\" data-e-type=\"widget\" data-settings=\"{&quot;step_next_label&quot;:&quot;Next&quot;,&quot;step_previous_label&quot;:&quot;Previous&quot;,&quot;button_width&quot;:&quot;100&quot;,&quot;step_type&quot;:&quot;number_text&quot;,&quot;step_icon_shape&quot;:&quot;circle&quot;}\" data-widget_type=\"form.default\">\n\t\t\t\t<div class=\"elementor-widget-container\">\n\t\t\t\t\t\t\t<form class=\"elementor-form\" method=\"post\" id=\"guia_turistica\" name=\"Gu\u00eda tur\u00edstica\" aria-label=\"Gu\u00eda tur\u00edstica\">\n\t\t\t<input type=\"hidden\" name=\"post_id\" value=\"4008\"\/>\n\t\t\t<input type=\"hidden\" name=\"form_id\" value=\"64dd5c5\"\/>\n\t\t\t<input type=\"hidden\" name=\"referer_title\" value=\"Otoch Colibri\" \/>\n\n\t\t\t\n\t\t\t<div class=\"elementor-form-fields-wrapper elementor-labels-above\">\n\t\t\t\t\t\t\t\t<div class=\"elementor-field-type-text elementor-field-group elementor-column elementor-field-group-nombre elementor-col-100 elementor-field-required elementor-mark-required\">\n\t\t\t\t\t\t\t\t\t\t\t\t<label for=\"form-field-nombre\" class=\"elementor-field-label\">\n\t\t\t\t\t\t\t\tNombre\t\t\t\t\t\t\t<\/label>\n\t\t\t\t\t\t\t\t\t\t\t\t\t\t<input size=\"1\" type=\"text\" name=\"form_fields[nombre]\" id=\"form-field-nombre\" class=\"elementor-field elementor-size-sm  elementor-field-textual\" placeholder=\"Nombre\" required=\"required\">\n\t\t\t\t\t\t\t\t\t\t\t<\/div>\n\t\t\t\t\t\t\t\t<div class=\"elementor-field-type-email elementor-field-group elementor-column elementor-field-group-correo_electronico elementor-col-50 elementor-field-required elementor-mark-required\">\n\t\t\t\t\t\t\t\t\t\t\t\t<label for=\"form-field-correo_electronico\" class=\"elementor-field-label\">\n\t\t\t\t\t\t\t\tCorreo electr\u00f3nico\t\t\t\t\t\t\t<\/label>\n\t\t\t\t\t\t\t\t\t\t\t\t\t\t<input size=\"1\" type=\"email\" name=\"form_fields[correo_electronico]\" id=\"form-field-correo_electronico\" class=\"elementor-field elementor-size-sm  elementor-field-textual\" placeholder=\"Correo electr\u00f3nico\" required=\"required\">\n\t\t\t\t\t\t\t\t\t\t\t<\/div>\n\t\t\t\t\t\t\t\t<div class=\"elementor-field-type-tel elementor-field-group elementor-column elementor-field-group-telefono elementor-col-50 elementor-field-required elementor-mark-required\">\n\t\t\t\t\t\t\t\t\t\t\t\t<label for=\"form-field-telefono\" class=\"elementor-field-label\">\n\t\t\t\t\t\t\t\tTel\u00e9fono\t\t\t\t\t\t\t<\/label>\n\t\t\t\t\t\t\t\t<input size=\"1\" type=\"tel\" name=\"form_fields[telefono]\" id=\"form-field-telefono\" class=\"elementor-field elementor-size-sm  elementor-field-textual\" placeholder=\"Tel\u00e9fono\" required=\"required\" pattern=\"[0-9()#&amp;+*-=.]+\" title=\"Only numbers and phone characters (#, -, *, etc) are accepted.\">\n\n\t\t\t\t\t\t<\/div>\n\t\t\t\t\t\t\t\t<div class=\"elementor-field-type-recaptcha elementor-field-group elementor-column elementor-field-group-recaptcha elementor-col-100\">\n\t\t\t\t\t<div class=\"elementor-field\" id=\"form-field-recaptcha\"><div class=\"elementor-g-recaptcha\" data-sitekey=\"6Le0zqsrAAAAANqbq8FUvJ15g1z47uyE9ONamxs2\" data-type=\"v2_checkbox\" data-theme=\"light\" data-size=\"normal\"><\/div><\/div>\t\t\t\t<\/div>\n\t\t\t\t\t\t\t\t<div class=\"elementor-field-group elementor-column elementor-field-type-submit elementor-col-100 e-form__buttons\">\n\t\t\t\t\t<button class=\"elementor-button elementor-size-md\" type=\"submit\">\n\t\t\t\t\t\t<span class=\"elementor-button-content-wrapper\">\n\t\t\t\t\t\t\t\t\t\t\t\t\t\t\t\t\t\t\t\t\t\t<span class=\"elementor-button-text\">Enviar<\/span>\n\t\t\t\t\t\t\t\t\t\t\t\t\t<\/span>\n\t\t\t\t\t<\/button>\n\t\t\t\t<\/div>\n\t\t\t<\/div>\n\t\t<\/form>\n\t\t\t\t\t\t<\/div>\n\t\t\t\t<\/div>\n\t\t\t\t\t<\/div>\n\t\t\t\t<\/div>\n\t\t\t\t<\/div>\n\t\t","protected":false},"excerpt":{"rendered":"<p>Gu\u00eda Tur\u00edstica M\u00e9rida, Yucat\u00e1n Llena el siguiente formulario y descarga la gu\u00eda completa \u00a1totalmente GRATIS!<\/p>","protected":false},"author":1,"featured_media":4054,"parent":0,"menu_order":0,"comment_status":"closed","ping_status":"closed","template":"elementor_header_footer","meta":{"site-sidebar-layout":"no-sidebar","site-content-layout":"","ast-site-content-layout":"full-width-container","site-content-style":"default","site-sidebar-style":"default","ast-global-header-display":"disabled","ast-banner-title-visibility":"disabled","ast-main-header-display":"","ast-hfb-above-header-display":"","ast-hfb-below-header-display":"","ast-hfb-mobile-header-display":"","site-post-title":"disabled","ast-breadcrumbs-content":"","ast-featured-img":"disabled","footer-sml-layout":"disabled","ast-disable-related-posts":"","theme-transparent-header-meta":"","adv-header-id-meta":"","stick-header-meta":"","header-above-stick-meta":"","header-main-stick-meta":"","header-below-stick-meta":"","astra-migrate-meta-layouts":"default","ast-page-background-enabled":"default","ast-page-background-meta":{"desktop":{"background-color":"var(--ast-global-color-4)","background-image":"","background-repeat":"repeat","background-position":"center center","background-size":"auto","background-attachment":"scroll","background-type":"","background-media":"","overlay-type":"","overlay-color":"","overlay-opacity":"","overlay-gradient":""},"tablet":{"background-color":"","background-image":"","background-repeat":"repeat","background-position":"center center","background-size":"auto","background-attachment":"scroll","background-type":"","background-media":"","overlay-type":"","overlay-color":"","overlay-opacity":"","overlay-gradient":""},"mobile":{"background-color":"","background-image":"","background-repeat":"repeat","background-position":"center center","background-size":"auto","background-attachment":"scroll","background-type":"","background-media":"","overlay-type":"","overlay-color":"","overlay-opacity":"","overlay-gradient":""}},"ast-content-background-meta":{"desktop":{"background-color":"var(--ast-global-color-5)","background-image":"","background-repeat":"repeat","background-position":"center center","background-size":"auto","background-attachment":"scroll","background-type":"","background-media":"","overlay-type":"","overlay-color":"","overlay-opacity":"","overlay-gradient":""},"tablet":{"background-color":"var(--ast-global-color-5)","background-image":"","background-repeat":"repeat","background-position":"center center","background-size":"auto","background-attachment":"scroll","background-type":"","background-media":"","overlay-type":"","overlay-color":"","overlay-opacity":"","overlay-gradient":""},"mobile":{"background-color":"var(--ast-global-color-5)","background-image":"","background-repeat":"repeat","background-position":"center center","background-size":"auto","background-attachment":"scroll","background-type":"","background-media":"","overlay-type":"","overlay-color":"","overlay-opacity":"","overlay-gradient":""}},"footnotes":""},"categories":[],"tags":[],"class_list":["post-4008","page","type-page","status-publish","has-post-thumbnail","hentry"],"yoast_head":"<!-- This site is optimized with the Yoast SEO plugin v27.5 - https:\/\/yoast.com\/product\/yoast-seo-wordpress\/ -->\n<title>Gu\u00eda Tur\u00edstica M\u00e9rida, Yucat\u00e1n - Otoch Colibri<\/title>\n<meta name=\"description\" content=\"Otoch Colibr\u00ed ofrece un servicio completo de inversi\u00f3n inmobiliaria en M\u00e9rida, Yucat\u00e1n, con cinco l\u00edneas de negocio que cubren compra, administraci\u00f3n, dise\u00f1o, construcci\u00f3n y servicios notariales. Invertir en M\u00e9rida nunca fue tan sencillo y seguro.\" \/>\n<meta name=\"robots\" content=\"noindex, follow\" \/>\n<meta property=\"og:locale\" content=\"en_US\" \/>\n<meta property=\"og:type\" content=\"article\" \/>\n<meta property=\"og:title\" content=\"Gu\u00eda Tur\u00edstica M\u00e9rida, Yucat\u00e1n - Otoch Colibri\" \/>\n<meta property=\"og:description\" content=\"Otoch Colibr\u00ed ofrece un servicio completo de inversi\u00f3n inmobiliaria en M\u00e9rida, Yucat\u00e1n, con cinco l\u00edneas de negocio que cubren compra, administraci\u00f3n, dise\u00f1o, construcci\u00f3n y servicios notariales. Invertir en M\u00e9rida nunca fue tan sencillo y seguro.\" \/>\n<meta property=\"og:url\" content=\"https:\/\/otochcolibri.com\/en\/guia-turistica-merida-yucatan\/\" \/>\n<meta property=\"og:site_name\" content=\"Otoch Colibri\" \/>\n<meta property=\"article:publisher\" content=\"https:\/\/www.facebook.com\/profile.php?id=61563304841503\" \/>\n<meta property=\"article:modified_time\" content=\"2025-11-13T16:24:08+00:00\" \/>\n<meta property=\"og:image\" content=\"https:\/\/otochcolibri.com\/wp-content\/uploads\/2025\/05\/Captura-de-pantalla-2025-05-15-a-las-3.06.33\u202fp.m.png\" \/>\n\t<meta property=\"og:image:width\" content=\"1235\" \/>\n\t<meta property=\"og:image:height\" content=\"797\" \/>\n\t<meta property=\"og:image:type\" content=\"image\/png\" \/>\n<meta name=\"twitter:card\" content=\"summary_large_image\" \/>\n<meta name=\"twitter:label1\" content=\"Est. reading time\" \/>\n\t<meta name=\"twitter:data1\" content=\"1 minute\" \/>\n<script type=\"application\/ld+json\" class=\"yoast-schema-graph\">{\"@context\":\"https:\\\/\\\/schema.org\",\"@graph\":[{\"@type\":\"WebPage\",\"@id\":\"https:\\\/\\\/otochcolibri.com\\\/guia-turistica-merida-yucatan\",\"url\":\"https:\\\/\\\/otochcolibri.com\\\/guia-turistica-merida-yucatan\",\"name\":\"Gu\u00eda Tur\u00edstica M\u00e9rida, Yucat\u00e1n - Otoch Colibri\",\"isPartOf\":{\"@id\":\"https:\\\/\\\/otochcolibri.com\\\/#website\"},\"primaryImageOfPage\":{\"@id\":\"https:\\\/\\\/otochcolibri.com\\\/guia-turistica-merida-yucatan#primaryimage\"},\"image\":{\"@id\":\"https:\\\/\\\/otochcolibri.com\\\/guia-turistica-merida-yucatan#primaryimage\"},\"thumbnailUrl\":\"https:\\\/\\\/otochcolibri.com\\\/wp-content\\\/uploads\\\/2025\\\/05\\\/Captura-de-pantalla-2025-05-15-a-las-3.06.33\u202fp.m.png\",\"datePublished\":\"2025-05-15T16:19:26+00:00\",\"dateModified\":\"2025-11-13T16:24:08+00:00\",\"description\":\"Otoch Colibr\u00ed ofrece un servicio completo de inversi\u00f3n inmobiliaria en M\u00e9rida, Yucat\u00e1n, con cinco l\u00edneas de negocio que cubren compra, administraci\u00f3n, dise\u00f1o, construcci\u00f3n y servicios notariales. Invertir en M\u00e9rida nunca fue tan sencillo y seguro.\",\"breadcrumb\":{\"@id\":\"https:\\\/\\\/otochcolibri.com\\\/guia-turistica-merida-yucatan#breadcrumb\"},\"inLanguage\":\"en-US\",\"potentialAction\":[{\"@type\":\"ReadAction\",\"target\":[\"https:\\\/\\\/otochcolibri.com\\\/guia-turistica-merida-yucatan\"]}]},{\"@type\":\"ImageObject\",\"inLanguage\":\"en-US\",\"@id\":\"https:\\\/\\\/otochcolibri.com\\\/guia-turistica-merida-yucatan#primaryimage\",\"url\":\"https:\\\/\\\/otochcolibri.com\\\/wp-content\\\/uploads\\\/2025\\\/05\\\/Captura-de-pantalla-2025-05-15-a-las-3.06.33\u202fp.m.png\",\"contentUrl\":\"https:\\\/\\\/otochcolibri.com\\\/wp-content\\\/uploads\\\/2025\\\/05\\\/Captura-de-pantalla-2025-05-15-a-las-3.06.33\u202fp.m.png\",\"width\":1235,\"height\":797},{\"@type\":\"BreadcrumbList\",\"@id\":\"https:\\\/\\\/otochcolibri.com\\\/guia-turistica-merida-yucatan#breadcrumb\",\"itemListElement\":[{\"@type\":\"ListItem\",\"position\":1,\"name\":\"Inicio\",\"item\":\"https:\\\/\\\/otochcolibri.com\\\/\"},{\"@type\":\"ListItem\",\"position\":2,\"name\":\"Gu\u00eda Tur\u00edstica M\u00e9rida, Yucat\u00e1n\"}]},{\"@type\":\"WebSite\",\"@id\":\"https:\\\/\\\/otochcolibri.com\\\/#website\",\"url\":\"https:\\\/\\\/otochcolibri.com\\\/\",\"name\":\"Otoch Colibri\",\"description\":\"Confianza que inspira, inversiones que prosperan.\",\"publisher\":{\"@id\":\"https:\\\/\\\/otochcolibri.com\\\/#organization\"},\"potentialAction\":[{\"@type\":\"SearchAction\",\"target\":{\"@type\":\"EntryPoint\",\"urlTemplate\":\"https:\\\/\\\/otochcolibri.com\\\/?s={search_term_string}\"},\"query-input\":{\"@type\":\"PropertyValueSpecification\",\"valueRequired\":true,\"valueName\":\"search_term_string\"}}],\"inLanguage\":\"en-US\"},{\"@type\":\"Organization\",\"@id\":\"https:\\\/\\\/otochcolibri.com\\\/#organization\",\"name\":\"Otoch Colibri\",\"url\":\"https:\\\/\\\/otochcolibri.com\\\/\",\"logo\":{\"@type\":\"ImageObject\",\"inLanguage\":\"en-US\",\"@id\":\"https:\\\/\\\/otochcolibri.com\\\/#\\\/schema\\\/logo\\\/image\\\/\",\"url\":\"https:\\\/\\\/otochcolibri.com\\\/wp-content\\\/uploads\\\/2024\\\/09\\\/1.-Logo.png\",\"contentUrl\":\"https:\\\/\\\/otochcolibri.com\\\/wp-content\\\/uploads\\\/2024\\\/09\\\/1.-Logo.png\",\"width\":830,\"height\":697,\"caption\":\"Otoch Colibri\"},\"image\":{\"@id\":\"https:\\\/\\\/otochcolibri.com\\\/#\\\/schema\\\/logo\\\/image\\\/\"},\"sameAs\":[\"https:\\\/\\\/www.facebook.com\\\/profile.php?id=61563304841503\",\"https:\\\/\\\/www.instagram.com\\\/otochcolibri\\\/\"]}]}<\/script>\n<!-- \/ Yoast SEO plugin. -->","yoast_head_json":{"title":"Gu\u00eda Tur\u00edstica M\u00e9rida, Yucat\u00e1n - Otoch Colibri","description":"Otoch Colibr\u00ed ofrece un servicio completo de inversi\u00f3n inmobiliaria en M\u00e9rida, Yucat\u00e1n, con cinco l\u00edneas de negocio que cubren compra, administraci\u00f3n, dise\u00f1o, construcci\u00f3n y servicios notariales. Invertir en M\u00e9rida nunca fue tan sencillo y seguro.","robots":{"index":"noindex","follow":"follow"},"og_locale":"en_US","og_type":"article","og_title":"Gu\u00eda Tur\u00edstica M\u00e9rida, Yucat\u00e1n - Otoch Colibri","og_description":"Otoch Colibr\u00ed ofrece un servicio completo de inversi\u00f3n inmobiliaria en M\u00e9rida, Yucat\u00e1n, con cinco l\u00edneas de negocio que cubren compra, administraci\u00f3n, dise\u00f1o, construcci\u00f3n y servicios notariales. Invertir en M\u00e9rida nunca fue tan sencillo y seguro.","og_url":"https:\/\/otochcolibri.com\/en\/guia-turistica-merida-yucatan\/","og_site_name":"Otoch Colibri","article_publisher":"https:\/\/www.facebook.com\/profile.php?id=61563304841503","article_modified_time":"2025-11-13T16:24:08+00:00","og_image":[{"width":1235,"height":797,"url":"https:\/\/otochcolibri.com\/wp-content\/uploads\/2025\/05\/Captura-de-pantalla-2025-05-15-a-las-3.06.33\u202fp.m.png","type":"image\/png"}],"twitter_card":"summary_large_image","twitter_misc":{"Est. reading time":"1 minute"},"schema":{"@context":"https:\/\/schema.org","@graph":[{"@type":"WebPage","@id":"https:\/\/otochcolibri.com\/guia-turistica-merida-yucatan","url":"https:\/\/otochcolibri.com\/guia-turistica-merida-yucatan","name":"Gu\u00eda Tur\u00edstica M\u00e9rida, Yucat\u00e1n - Otoch Colibri","isPartOf":{"@id":"https:\/\/otochcolibri.com\/#website"},"primaryImageOfPage":{"@id":"https:\/\/otochcolibri.com\/guia-turistica-merida-yucatan#primaryimage"},"image":{"@id":"https:\/\/otochcolibri.com\/guia-turistica-merida-yucatan#primaryimage"},"thumbnailUrl":"https:\/\/otochcolibri.com\/wp-content\/uploads\/2025\/05\/Captura-de-pantalla-2025-05-15-a-las-3.06.33\u202fp.m.png","datePublished":"2025-05-15T16:19:26+00:00","dateModified":"2025-11-13T16:24:08+00:00","description":"Otoch Colibr\u00ed ofrece un servicio completo de inversi\u00f3n inmobiliaria en M\u00e9rida, Yucat\u00e1n, con cinco l\u00edneas de negocio que cubren compra, administraci\u00f3n, dise\u00f1o, construcci\u00f3n y servicios notariales. Invertir en M\u00e9rida nunca fue tan sencillo y seguro.","breadcrumb":{"@id":"https:\/\/otochcolibri.com\/guia-turistica-merida-yucatan#breadcrumb"},"inLanguage":"en-US","potentialAction":[{"@type":"ReadAction","target":["https:\/\/otochcolibri.com\/guia-turistica-merida-yucatan"]}]},{"@type":"ImageObject","inLanguage":"en-US","@id":"https:\/\/otochcolibri.com\/guia-turistica-merida-yucatan#primaryimage","url":"https:\/\/otochcolibri.com\/wp-content\/uploads\/2025\/05\/Captura-de-pantalla-2025-05-15-a-las-3.06.33\u202fp.m.png","contentUrl":"https:\/\/otochcolibri.com\/wp-content\/uploads\/2025\/05\/Captura-de-pantalla-2025-05-15-a-las-3.06.33\u202fp.m.png","width":1235,"height":797},{"@type":"BreadcrumbList","@id":"https:\/\/otochcolibri.com\/guia-turistica-merida-yucatan#breadcrumb","itemListElement":[{"@type":"ListItem","position":1,"name":"Inicio","item":"https:\/\/otochcolibri.com\/"},{"@type":"ListItem","position":2,"name":"Gu\u00eda Tur\u00edstica M\u00e9rida, Yucat\u00e1n"}]},{"@type":"WebSite","@id":"https:\/\/otochcolibri.com\/#website","url":"https:\/\/otochcolibri.com\/","name":"Otoch Colibri","description":"Confianza que inspira, inversiones que prosperan.","publisher":{"@id":"https:\/\/otochcolibri.com\/#organization"},"potentialAction":[{"@type":"SearchAction","target":{"@type":"EntryPoint","urlTemplate":"https:\/\/otochcolibri.com\/?s={search_term_string}"},"query-input":{"@type":"PropertyValueSpecification","valueRequired":true,"valueName":"search_term_string"}}],"inLanguage":"en-US"},{"@type":"Organization","@id":"https:\/\/otochcolibri.com\/#organization","name":"Otoch Colibri","url":"https:\/\/otochcolibri.com\/","logo":{"@type":"ImageObject","inLanguage":"en-US","@id":"https:\/\/otochcolibri.com\/#\/schema\/logo\/image\/","url":"https:\/\/otochcolibri.com\/wp-content\/uploads\/2024\/09\/1.-Logo.png","contentUrl":"https:\/\/otochcolibri.com\/wp-content\/uploads\/2024\/09\/1.-Logo.png","width":830,"height":697,"caption":"Otoch Colibri"},"image":{"@id":"https:\/\/otochcolibri.com\/#\/schema\/logo\/image\/"},"sameAs":["https:\/\/www.facebook.com\/profile.php?id=61563304841503","https:\/\/www.instagram.com\/otochcolibri\/"]}]}},"_links":{"self":[{"href":"https:\/\/otochcolibri.com\/en\/wp-json\/wp\/v2\/pages\/4008","targetHints":{"allow":["GET"]}}],"collection":[{"href":"https:\/\/otochcolibri.com\/en\/wp-json\/wp\/v2\/pages"}],"about":[{"href":"https:\/\/otochcolibri.com\/en\/wp-json\/wp\/v2\/types\/page"}],"author":[{"embeddable":true,"href":"https:\/\/otochcolibri.com\/en\/wp-json\/wp\/v2\/users\/1"}],"replies":[{"embeddable":true,"href":"https:\/\/otochcolibri.com\/en\/wp-json\/wp\/v2\/comments?post=4008"}],"version-history":[{"count":117,"href":"https:\/\/otochcolibri.com\/en\/wp-json\/wp\/v2\/pages\/4008\/revisions"}],"predecessor-version":[{"id":7407,"href":"https:\/\/otochcolibri.com\/en\/wp-json\/wp\/v2\/pages\/4008\/revisions\/7407"}],"wp:featuredmedia":[{"embeddable":true,"href":"https:\/\/otochcolibri.com\/en\/wp-json\/wp\/v2\/media\/4054"}],"wp:attachment":[{"href":"https:\/\/otochcolibri.com\/en\/wp-json\/wp\/v2\/media?parent=4008"}],"wp:term":[{"taxonomy":"category","embeddable":true,"href":"https:\/\/otochcolibri.com\/en\/wp-json\/wp\/v2\/categories?post=4008"},{"taxonomy":"post_tag","embeddable":true,"href":"https:\/\/otochcolibri.com\/en\/wp-json\/wp\/v2\/tags?post=4008"}],"curies":[{"name":"wp","href":"https:\/\/api.w.org\/{rel}","templated":true}]}}